{"id":2910,"date":"2021-02-12T12:11:50","date_gmt":"2021-02-12T12:11:50","guid":{"rendered":"https:\/\/concursopangea.es\/?page_id=2910"},"modified":"2022-05-12T11:27:43","modified_gmt":"2022-05-12T11:27:43","slug":"proximo-concurso-2022","status":"publish","type":"page","link":"https:\/\/concursopangea.es\/en\/proximo-concurso-2022\/","title":{"rendered":"Pr\u00f3ximo Concurso 2022"},"content":{"rendered":"<p>[et_pb_section fb_built=\u00bb1&#8243; _builder_version=\u00bb4.8.2&#8243; _module_preset=\u00bbdefault\u00bb global_colors_info=\u00bb{}\u00bb][et_pb_row _builder_version=\u00bb4.8.2&#8243; _module_preset=\u00bbdefault\u00bb global_colors_info=\u00bb{}\u00bb][et_pb_column type=\u00bb4_4&#8243; _builder_version=\u00bb4.8.2&#8243; _module_preset=\u00bbdefault\u00bb global_colors_info=\u00bb{}\u00bb][et_pb_image src=\u00bbhttps:\/\/concursopangea.es\/wp-content\/uploads\/2021\/01\/sec.jpg\u00bb title_text=\u00bbsec\u00bb align=\u00bbcenter\u00bb _builder_version=\u00bb4.9.0&#8243; _module_preset=\u00bbdefault\u00bb global_colors_info=\u00bb{}\u00bb][\/et_pb_image][et_pb_text _builder_version=\u00bb4.9.3&#8243; _module_preset=\u00bbdefault\u00bb global_colors_info=\u00bb{}\u00bb][\/et_pb_text][et_pb_text _builder_version=\u00bb4.14.7&#8243; _module_preset=\u00bbdefault\u00bb custom_padding=\u00bb0px|||||\u00bb hover_enabled=\u00bb0&#8243; global_colors_info=\u00bb{}\u00bb sticky_enabled=\u00bb0&#8243;]<\/p>\n<p>La X<strong><em>\u00a0edici\u00f3n del Concurso de Matem\u00e1ticas Pangea<\/em><\/strong> ya est\u00e1 en marcha.<\/p>\n<p>&nbsp;<\/p>\n<p>Este curso, por tercera vez consecutiva, vamos a organizar el Concurso de forma <u>online<\/u> a trav\u00e9s de una plataforma mediante la que se podr\u00e1 hacer el registro y se podr\u00e1 acceder a las <u>dos pruebas<\/u> de las que consta el Concurso. El centro educativo, mediante un profesor o una profesora que ser\u00e1 el contacto entre el centro educativo y la Asociaci\u00f3n Pangea, ser\u00e1 el encargado de inscribir en el Concurso a todos y todas las estudiantes que as\u00ed lo deseen.<\/p>\n<p>El <u>coste de inscripci\u00f3n<\/u> por cada estudiante es de 3 \u20ac y tendr\u00e1 que ser abonado al centro por la familia de cada estudiante. El dinero tendr\u00e1 que ser ingresado por pago online o por el contacto del centro educativo en la cuenta bancaria de la Asociaci\u00f3n Pangea para financiar parte de los gastos que supone la organizaci\u00f3n del Concurso.<\/p>\n<div gmail_original=\"1\">La cuenta bancaria para la transferencia es la siguiente:<\/div>\n<div gmail_original=\"1\"><\/div>\n<div gmail_original=\"1\"><b>Asociaci\u00f3n Pangea<\/b><\/div>\n<div gmail_original=\"1\"><b>IBAN: ES90 0081 0144 6200 0191 7903<\/b><\/div>\n<div gmail_original=\"1\"><b><\/b><\/div>\n<p>Las <u>fechas<\/u> principales para la celebraci\u00f3n del Concurso son las siguientes:<\/p>\n<ul>\n<li>Inscripci\u00f3n: hasta el <span style=\"text-decoration: line-through;\">18 de marzo de 2022<\/span>, ambos inclusive. -&gt; nueva fecha: hasta el <strong>1 de abril del 2022<\/strong>, inclusive.<\/li>\n<li>Primera Fase: del <span style=\"text-decoration: line-through;\">21 de marzo al 01 de abril de 2022<\/span>, ambos inclusive. -&gt; nueva fecha: <strong>del 18 al 29 de abril del 2022<\/strong>, ambos inclusive.<\/li>\n<li>Segunda Fase: del <span style=\"text-decoration: line-through;\">09 al 13 de mayo de 2022<\/span>, ambos inclusive. -&gt; nueva fecha: <strong>del 16 al 23 de mayo de 2022<\/strong>, ambos inclusive.<\/li>\n<\/ul>\n<p>Estas fechas pueden verse sometidas a modificaciones ante posibles incidencias que se produzcan, pero avisaremos con suficiente tiempo.<\/p>\n<p>&nbsp;<\/p>\n<p>En nuestra p\u00e1gina web <a href=\"https:\/\/www.concursopangea.es\"><strong>www.concursopangea.es<\/strong><\/a> podr\u00e9is encontrar m\u00e1s informaci\u00f3n, as\u00ed como el enlace a la plataforma online.\u00a0Pod\u00e9is poneros en contacto con nosotros escribiendo a la direcci\u00f3n de correo electr\u00f3nico\u00a0<a href=\"mailto:concursomatematicaspangea@gmail.com\"><strong>info@concursopangea.es<\/strong><\/a>, o rellenando el formulario que encontrar\u00e9is en la secci\u00f3n Cont\u00e1ctanos de nuestra web y tambi\u00e9n nos pod\u00e9is encontrar en Twitter en <strong>@Concurso_Pangea<\/strong>.<\/p>\n<p>Nota importante:<\/p>\n<p>Todos aquellos participantes que no realicen la primera prueba en el plazo establecido no tendr\u00e1n derecho a realizar la prueba fuera de plazo, ni a participar en la fase final, ni a solicitar el reembolso de la cuota. As\u00ed que, os pedimos encarecidamente que se realice el examen de la primera fase, como muy tarde, el d\u00eda 29\/04\/2022.<\/p>\n<p>[\/et_pb_text][\/et_pb_column][\/et_pb_row][et_pb_row _builder_version=\u00bb4.9.0&#8243; _module_preset=\u00bbdefault\u00bb global_colors_info=\u00bb{}\u00bb][et_pb_column type=\u00bb4_4&#8243; _builder_version=\u00bb4.9.0&#8243; _module_preset=\u00bbdefault\u00bb global_colors_info=\u00bb{}\u00bb][et_pb_button button_url=\u00bbhttps:\/\/concursopangea.es\/inscripcion\/\u00bb button_text=\u00bbInscripci\u00f3n\u00bb button_alignment=\u00bbcenter\u00bb _builder_version=\u00bb4.9.0&#8243; _module_preset=\u00bbdefault\u00bb custom_button=\u00bbon\u00bb button_text_size=\u00bb18px\u00bb button_text_color=\u00bb#000000&#8243; button_bg_color=\u00bb#e8e115&#8243; button_border_width=\u00bb0px\u00bb button_border_radius=\u00bb50px\u00bb button_font=\u00bbPoppins|700|||||||\u00bb button_use_icon=\u00bboff\u00bb custom_padding=\u00bb11px|40px|11px|40px|true|true\u00bb custom_padding_tablet=\u00bb\u00bb custom_padding_phone=\u00bb8px|30px|8px|30px|true|true\u00bb custom_padding_last_edited=\u00bbon|phone\u00bb global_colors_info=\u00bb{}\u00bb button_bg_color__hover_enabled=\u00bbon|hover\u00bb button_bg_color__hover=\u00bb#79b928&#8243; button_bg_enable_color__hover=\u00bbon\u00bb][\/et_pb_button][\/et_pb_column][\/et_pb_row][\/et_pb_section]<\/p>\n","protected":false},"excerpt":{"rendered":"<p>La X\u00a0edici\u00f3n del Concurso de Matem\u00e1ticas Pangea ya est\u00e1 en marcha. &nbsp; Este curso, por tercera vez consecutiva, vamos a organizar el Concurso de forma online a trav\u00e9s de una plataforma mediante la que se podr\u00e1 hacer el registro y se podr\u00e1 acceder a las dos pruebas de las que consta el Concurso. El centro [&hellip;]<\/p>\n","protected":false},"author":1,"featured_media":0,"parent":0,"menu_order":0,"comment_status":"closed","ping_status":"closed","template":"","meta":{"_et_pb_use_builder":"on","_et_pb_old_content":"","_et_gb_content_width":"","footnotes":""},"class_list":["post-2910","page","type-page","status-publish","hentry"],"_links":{"self":[{"href":"https:\/\/concursopangea.es\/en\/wp-json\/wp\/v2\/pages\/2910","targetHints":{"allow":["GET"]}}],"collection":[{"href":"https:\/\/concursopangea.es\/en\/wp-json\/wp\/v2\/pages"}],"about":[{"href":"https:\/\/concursopangea.es\/en\/wp-json\/wp\/v2\/types\/page"}],"author":[{"embeddable":true,"href":"https:\/\/concursopangea.es\/en\/wp-json\/wp\/v2\/users\/1"}],"replies":[{"embeddable":true,"href":"https:\/\/concursopangea.es\/en\/wp-json\/wp\/v2\/comments?post=2910"}],"version-history":[{"count":24,"href":"https:\/\/concursopangea.es\/en\/wp-json\/wp\/v2\/pages\/2910\/revisions"}],"predecessor-version":[{"id":3162,"href":"https:\/\/concursopangea.es\/en\/wp-json\/wp\/v2\/pages\/2910\/revisions\/3162"}],"wp:attachment":[{"href":"https:\/\/concursopangea.es\/en\/wp-json\/wp\/v2\/media?parent=2910"}],"curies":[{"name":"wp","href":"https:\/\/api.w.org\/{rel}","templated":true}]}}