{"id":2841,"date":"2021-02-10T14:52:08","date_gmt":"2021-02-10T14:52:08","guid":{"rendered":"https:\/\/concursopangea.es\/?page_id=2841"},"modified":"2023-04-01T10:16:07","modified_gmt":"2023-04-01T10:16:07","slug":"informacion-general","status":"publish","type":"page","link":"https:\/\/concursopangea.es\/en\/informacion-general\/","title":{"rendered":"Informaci\u00f3n general XI Edici\u00f3n 2022\/2023"},"content":{"rendered":"<p>[et_pb_section fb_built=\u00bb1&#8243; admin_label=\u00bbsection\u00bb _builder_version=\u00bb4.14.7&#8243; global_colors_info=\u00bb{}\u00bb][et_pb_row admin_label=\u00bbrow\u00bb _builder_version=\u00bb3.25&#8243; background_size=\u00bbinitial\u00bb background_position=\u00bbtop_left\u00bb background_repeat=\u00bbrepeat\u00bb global_colors_info=\u00bb{}\u00bb][et_pb_column type=\u00bb4_4&#8243; _builder_version=\u00bb3.25&#8243; custom_padding=\u00bb|||\u00bb global_colors_info=\u00bb{}\u00bb custom_padding__hover=\u00bb|||\u00bb][et_pb_text admin_label=\u00bbText\u00bb _builder_version=\u00bb3.27.4&#8243; background_size=\u00bbinitial\u00bb background_position=\u00bbtop_left\u00bb background_repeat=\u00bbrepeat\u00bb global_colors_info=\u00bb{}\u00bb]<\/p>\n<p><img loading=\"lazy\" decoding=\"async\" class=\"size-full wp-image-2326 aligncenter\" src=\"https:\/\/concursopangea.es\/wp-content\/uploads\/2021\/01\/20160416_130527-scaled.jpg\" alt=\"\" width=\"2560\" height=\"1440\" srcset=\"https:\/\/concursopangea.es\/wp-content\/uploads\/2021\/01\/20160416_130527-scaled.jpg 2560w, https:\/\/concursopangea.es\/wp-content\/uploads\/2021\/01\/20160416_130527-1280x720.jpg 1280w, https:\/\/concursopangea.es\/wp-content\/uploads\/2021\/01\/20160416_130527-980x551.jpg 980w, https:\/\/concursopangea.es\/wp-content\/uploads\/2021\/01\/20160416_130527-480x270.jpg 480w\" sizes=\"auto, (min-width: 0px) and (max-width: 480px) 480px, (min-width: 481px) and (max-width: 980px) 980px, (min-width: 981px) and (max-width: 1280px) 1280px, (min-width: 1281px) 2560px, 100vw\" \/><\/p>\n<p>&nbsp;<\/p>\n<ul>\n<li class=\"hidden animated zoomIn full-visible\">El Concurso de Matem\u00e1ticas Pangea en Espa\u00f1a est\u00e1 dirigido\u00a0a\u00a0estudiantes desde\u00a0<strong>4\u00ba de primaria hasta 2\u00ba de Bachillerato<\/strong>.<\/li>\n<li class=\"hidden animated zoomIn full-visible\">Las\u00a0<strong>preguntas correctas<\/strong>\u00a0se califican\u00a0<strong>entre 2\u00a0puntos para las m\u00e1s f\u00e1ciles y 5 puntos las m\u00e1s dif\u00edciles<\/strong>.<br \/>Cada prueba consta de\u00a0<strong>20 problemas<\/strong>, de los cuales 8\u00a0problemas son muy f\u00e1ciles, 4 bastante dif\u00edciles\u00a0y 8\u00a0de dificultad media.\u00a0Esto ayuda a\u00a0aumentar\u00a0la\u00a0<strong>autoestima\u00a0<\/strong>de los alumnos que andan m\u00e1s flojos en matem\u00e1ticas y tambi\u00e9n para obtener una clasificaci\u00f3n final m\u00e1s real y m\u00e1s justa.<\/li>\n<li class=\"hidden animated zoomIn\">Para cada curso preparamos un cuaderno con\u00a0<strong>problemas adaptados<\/strong>\u00a0al nivel educativo.<br \/><strong>No implica trabajo extra para el profesorado<\/strong>.\u00a0Desde Pangea nos encargamos de la correcci\u00f3n y evaluaci\u00f3n de las pruebas.<br \/>Todos los centros inscritos recibir\u00e1n\u00a0<strong>las claves para realizar el examen con el ordenador o tabletas (en l\u00ednea).<\/strong><\/li>\n<\/ul>\n<h3><strong>INFORMACI\u00d3N XI EDICI\u00d3N 2022\/2023<\/strong><\/h3>\n<div>\n<p>Como ya sab\u00e9is, estamos a punto de iniciar la\u00a0<b>XI\u00a0edici\u00f3n<\/b>\u00a0del<strong>\u00a0Concurso de Matem\u00e1ticas Pangea realizado\u00a0en l\u00ednea.<\/strong>\u00a0 El concurso consta de dos pruebas eliminatorias realizadas entre los meses de abril y finales de mayo.\u00a0Para participar es importante conocer la normativa del\u00a0<a href=\"https:\/\/concursopangea.es\/reglamento\/\" target=\"_blank\" rel=\"noopener\" data-saferedirecturl=\"https:\/\/www.google.com\/url?q=https:\/\/concursopangea.es\/reglamento\/&amp;source=gmail&amp;ust=1675341492044000&amp;usg=AOvVaw0v2x6jp4DHw3cn3AHPgPTU\"><b><span style=\"font-size: large;\">Concurso aqu\u00ed<\/span><\/b><\/a>. Algunos ya conoc\u00e9is el sistema, no obstante, os recordamos que es preciso\u00a0<strong>que los profesores\/as se registren primero para luego a\u00f1adir<\/strong>\u00a0a los alumnos que deseen\u00a0participar.<\/p>\n<p>Estas son las fechas l\u00edmites de inscripci\u00f3n y celebraci\u00f3n de las pruebas:<\/p>\n<ol>\n<li><span style=\"font-size: large;\"><b>Inscripci\u00f3n: Ampliado hasta el 14 de abril<\/b><\/span><\/li>\n<li><span style=\"font-size: large;\"><b>Primera prueba<\/b>\u00a0del 17 de abril al 1 de mayo<\/span><\/li>\n<li><span style=\"font-size: large;\"><b>Segunda prueba<\/b>\u00a0del 15 de mayo al 23 de mayo<\/span><\/li>\n<\/ol>\n<p><span style=\"font-size: large;\"><\/span><\/p>\n<\/div>\n<div>\n<p><b>El coste de la participaci\u00f3n es de 3 euros por alumno a ingresar en el siguiente banco:\u00a0<\/b><br \/><strong>Banco Sabadell:\u00a0<\/strong>Cuenta:ES90 0081 0144 6200 0191 7903 \/ BSAB ESBB.\u00a0<b>El titular es la Asociaci\u00f3n Pangea.\u00a0<\/b><\/p>\n<p><strong>Nota: Los pagos se realizan \u00fanicamente mediante transferencia. Es suficiente con que anoten en concepto el nombre del centro. Las pruebas se realizan bajo supervisi\u00f3n de los profesores durante los d\u00edas estipulados y pueden ser elegidos libremente por los docentes<\/strong><\/p>\n<\/div>\n<p>[\/et_pb_text][\/et_pb_column][\/et_pb_row][\/et_pb_section]<\/p>\n","protected":false},"excerpt":{"rendered":"<p>&nbsp; El Concurso de Matem\u00e1ticas Pangea en Espa\u00f1a est\u00e1 dirigido\u00a0a\u00a0estudiantes desde\u00a04\u00ba de primaria hasta 2\u00ba de Bachillerato. Las\u00a0preguntas correctas\u00a0se califican\u00a0entre 2\u00a0puntos para las m\u00e1s f\u00e1ciles y 5 puntos las m\u00e1s dif\u00edciles.Cada prueba consta de\u00a020 problemas, de los cuales 8\u00a0problemas son muy f\u00e1ciles, 4 bastante dif\u00edciles\u00a0y 8\u00a0de dificultad media.\u00a0Esto ayuda a\u00a0aumentar\u00a0la\u00a0autoestima\u00a0de los alumnos que andan m\u00e1s [&hellip;]<\/p>\n","protected":false},"author":1,"featured_media":0,"parent":0,"menu_order":0,"comment_status":"closed","ping_status":"closed","template":"","meta":{"_et_pb_use_builder":"on","_et_pb_old_content":"<img class=\"size-full wp-image-2326 aligncenter\" src=\"https:\/\/concursopangea.es\/wp-content\/uploads\/2021\/01\/20160416_130527-scaled.jpg\" alt=\"\" width=\"2560\" height=\"1440\" \/>\r\n\r\n&nbsp;\r\n<ul>\r\n \t<li class=\"hidden animated zoomIn full-visible\">El Concurso de Matem\u00e1ticas Pangea en Espa\u00f1a est\u00e1 dirigido\u00a0a\u00a0estudiantes desde\u00a0<strong>4\u00ba de primaria hasta 2\u00ba de Bachillerato<\/strong>.<\/li>\r\n \t<li class=\"hidden animated zoomIn full-visible\">Las\u00a0<strong>preguntas correctas<\/strong>\u00a0se califican\u00a0<strong>entre 2\u00a0puntos para las m\u00e1s f\u00e1ciles y 5 puntos las m\u00e1s dif\u00edciles<\/strong>.\r\nCada prueba consta de\u00a0<strong>20 problemas<\/strong>, de los cuales 8\u00a0problemas son muy f\u00e1ciles, 4 bastante dif\u00edciles\u00a0y 8\u00a0de dificultad media.\u00a0Esto ayuda a\u00a0aumentar\u00a0la\u00a0<strong>autoestima\u00a0<\/strong>de los alumnos que andan m\u00e1s flojos en matem\u00e1ticas y tambi\u00e9n para obtener una clasificaci\u00f3n final m\u00e1s real y m\u00e1s justa.<\/li>\r\n \t<li class=\"hidden animated zoomIn\">Para cada curso preparamos un cuaderno con\u00a0<strong>problemas adaptados<\/strong>\u00a0al nivel educativo.\r\n<strong>No implica trabajo extra para el profesorado<\/strong>.\u00a0Desde Pangea nos encargamos de la correcci\u00f3n y evaluaci\u00f3n de las pruebas.\r\nTodos los centros inscritos recibir\u00e1n\u00a0<strong>las claves para realizar el examen con el ordenador o tabletas (en l\u00ednea).<\/strong><\/li>\r\n<\/ul>\r\n<h3><strong>INFORMACI\u00d3N XI EDICI\u00d3N 2022\/2023<\/strong><\/h3>\r\n<div>\r\n\r\nComo ya sab\u00e9is, estamos a punto de iniciar la\u00a0<b>XI\u00a0edici\u00f3n<\/b>\u00a0del<strong>\u00a0Concurso de Matem\u00e1ticas Pangea realizado\u00a0en l\u00ednea.<\/strong>\u00a0 El concurso consta de dos pruebas eliminatorias realizadas entre los meses de abril y finales de mayo.\u00a0Para participar es importante conocer la normativa del\u00a0<a href=\"https:\/\/concursopangea.es\/reglamento\/\" target=\"_blank\" rel=\"noopener\" data-saferedirecturl=\"https:\/\/www.google.com\/url?q=https:\/\/concursopangea.es\/reglamento\/&amp;source=gmail&amp;ust=1675341492044000&amp;usg=AOvVaw0v2x6jp4DHw3cn3AHPgPTU\"><b><span style=\"font-size: large;\">Concurso aqu\u00ed<\/span><\/b><\/a>. Algunos ya conoc\u00e9is el sistema, no obstante, os recordamos que es preciso\u00a0<strong>que los profesores\/as se registren primero para luego a\u00f1adir<\/strong>\u00a0a los alumnos que deseen\u00a0participar.\r\n\r\nEstas son las fechas l\u00edmites de inscripci\u00f3n y celebraci\u00f3n de las pruebas:\r\n<ol>\r\n \t<li><span style=\"font-size: large;\"><b>Inscripci\u00f3n<\/b>\u00a0hasta el 3 de abril<\/span><\/li>\r\n \t<li><span style=\"font-size: large;\"><b>Primera prueba<\/b>\u00a0del 17 de abril al 1 de mayo<\/span><\/li>\r\n \t<li><span style=\"font-size: large;\"><b>Segunda prueba<\/b>\u00a0del 15 de mayo al 23 de mayo<\/span><\/li>\r\n<\/ol>\r\n<\/div>\r\n<div>\r\n\r\n<b>El coste de la participaci\u00f3n es de 3 euros por alumno a ingresar en el siguiente banco:\u00a0<\/b>\r\n<strong>Banco Sabadell:\u00a0<\/strong>Cuenta:ES90 0081 0144 6200 0191 7903 \/ BSAB ESBB.\u00a0<b>El titular es la Asociaci\u00f3n Pangea.\u00a0<\/b>\r\n\r\n<strong>Nota: Los pagos se realizan \u00fanicamente mediante transferencia. Es suficiente con que anoten en concepto el nombre del centro.\u00a0<\/strong>\r\n\r\n<\/div>","_et_gb_content_width":"","footnotes":""},"class_list":["post-2841","page","type-page","status-publish","hentry"],"_links":{"self":[{"href":"https:\/\/concursopangea.es\/en\/wp-json\/wp\/v2\/pages\/2841","targetHints":{"allow":["GET"]}}],"collection":[{"href":"https:\/\/concursopangea.es\/en\/wp-json\/wp\/v2\/pages"}],"about":[{"href":"https:\/\/concursopangea.es\/en\/wp-json\/wp\/v2\/types\/page"}],"author":[{"embeddable":true,"href":"https:\/\/concursopangea.es\/en\/wp-json\/wp\/v2\/users\/1"}],"replies":[{"embeddable":true,"href":"https:\/\/concursopangea.es\/en\/wp-json\/wp\/v2\/comments?post=2841"}],"version-history":[{"count":14,"href":"https:\/\/concursopangea.es\/en\/wp-json\/wp\/v2\/pages\/2841\/revisions"}],"predecessor-version":[{"id":3322,"href":"https:\/\/concursopangea.es\/en\/wp-json\/wp\/v2\/pages\/2841\/revisions\/3322"}],"wp:attachment":[{"href":"https:\/\/concursopangea.es\/en\/wp-json\/wp\/v2\/media?parent=2841"}],"curies":[{"name":"wp","href":"https:\/\/api.w.org\/{rel}","templated":true}]}}