{"id":2743,"date":"2021-02-10T08:12:53","date_gmt":"2021-02-10T08:12:53","guid":{"rendered":"https:\/\/concursopangea.es\/?page_id=2743"},"modified":"2025-02-06T17:54:07","modified_gmt":"2025-02-06T17:54:07","slug":"politica-de-privacidad","status":"publish","type":"page","link":"https:\/\/concursopangea.es\/en\/politica-de-privacidad\/","title":{"rendered":"Privacy Policy"},"content":{"rendered":"<p>[et_pb_section fb_built=\u00bb1&#8243; admin_label=\u00bbsection\u00bb _builder_version=\u00bb4.16&#8243; global_colors_info=\u00bb{}\u00bb][et_pb_row admin_label=\u00bbrow\u00bb _builder_version=\u00bb4.16&#8243; background_size=\u00bbinitial\u00bb background_position=\u00bbtop_left\u00bb background_repeat=\u00bbrepeat\u00bb global_colors_info=\u00bb{}\u00bb][et_pb_column type=\u00bb4_4&#8243; _builder_version=\u00bb4.16&#8243; custom_padding=\u00bb|||\u00bb global_colors_info=\u00bb{}\u00bb custom_padding__hover=\u00bb|||\u00bb][et_pb_text admin_label=\u00bbText\u00bb _builder_version=\u00bb4.16&#8243; background_size=\u00bbinitial\u00bb background_position=\u00bbtop_left\u00bb background_repeat=\u00bbrepeat\u00bb global_colors_info=\u00bb{}\u00bb]<\/p>\n<p><strong>Protecci\u00f3n de datos de car\u00e1cter personal seg\u00fan la LOPD<\/strong><\/p>\n<p>Asociaci\u00f3n Pangea Espa\u00f1a, en aplicaci\u00f3n de la normativa vigente en materia de protecci\u00f3n de datos de car\u00e1cter personal, informa que los datos personales que se recogen a trav\u00e9s de los formularios del sitio web y concursopangea.es se incluyen en los ficheros automatizados espec\u00edficos de usuarios de los servicios de la Asociaci\u00f3n Pangea Espa\u00f1a<\/p>\n<p>La recogida y tratamiento automatizado de los datos de car\u00e1cter personal tiene como finalidad el mantenimiento de la relaci\u00f3n comercial y el desempe\u00f1o de tareas de informaci\u00f3n, formaci\u00f3n, asesoramiento y otras actividades propias de Asociaci\u00f3n Pangea Espa\u00f1a<\/p>\n<p>Estos datos \u00fanicamente ser\u00e1n cedidos a aquellas entidades que sean necesarias con el \u00fanico objetivo de dar cumplimiento a la finalidad anteriormente expuesta.<\/p>\n<p>Asociaci\u00f3n Pangea Espa\u00f1a adopta las medidas necesarias para garantizar la seguridad, integridad y confidencialidad de los datos conforme a lo dispuesto en la Ley Org\u00e1nica 15\/1999 de 13 de diciembre, de Protecci\u00f3n de Datos de Car\u00e1cter Personal (LOPD).<\/p>\n<p>El usuario podr\u00e1 en cualquier momento ejercitar los derechos de acceso, oposici\u00f3n, rectificaci\u00f3n y cancelaci\u00f3n reconocidos en la citada LOPD. El ejercicio de estos derechos puede realizarlo el propio usuario a trav\u00e9s de email a info@concursopangea.es o en la direcci\u00f3n Calle Goya 20, 28691 Villanueva de la Ca\u00f1ada<\/p>\n<p>El usuario manifiesta que todos los datos facilitados por \u00e9l son ciertos y correctos, y se compromete a mantenerlos actualizados, comunicando los cambios a Asociaci\u00f3n Pangea Espa\u00f1a<\/p>\n<p>Datos recopilados por usuarios de los servicios<\/p>\n<p>En los casos en que el usuario incluya ficheros con datos de car\u00e1cter personal en los servidores de alojamiento compartido, Asociaci\u00f3n Pangea Espa\u00f1a no se hace responsable del incumplimiento por parte del usuario de la LOPD.<\/p>\n<p><strong>Retenci\u00f3n de datos en conformidad a la LSSI<\/strong><\/p>\n<p>Asociaci\u00f3n Pangea Espa\u00f1a informa de que, como prestador de servicio de alojamiento de datos y en virtud de lo establecido en la Ley34\/2002 de 11 de julio de Servicios de la Sociedad de la Informaci\u00f3n y de Comercio Electr\u00f3nico (LSSI), retiene por un periodo m\u00e1ximo de 12 meses la informaci\u00f3n imprescindible para identificar el origen de los datos alojados y el momento en que se inici\u00f3 la prestaci\u00f3n del servicio. La retenci\u00f3n de estos datos no afecta al secreto de las comunicaciones y s\u00f3lo podr\u00e1n ser utilizados en el marco de una investigaci\u00f3n criminal o para la salvaguardia de la seguridad p\u00fablica, poni\u00e9ndose a disposici\u00f3n de los jueces y\/o tribunales o del Ministerio que as\u00ed los requiera. La comunicaci\u00f3n de datos a las Fuerzas y Cuerpos del Estado se har\u00e1 en virtud a lo dispuesto en la normativa sobre protecci\u00f3n de datos personales.<\/p>\n<p><strong>Derechos propiedad intelectual\u00a0<\/strong><\/p>\n<p>Asociaci\u00f3n Pangea Espa\u00f1a es titular de todos los derechos de autor, propiedad intelectual, industrial, \u201cknow how\u201d y cuantos otros derechos guardan relaci\u00f3n con los contenidos del sitio web concursopangea.es y los servicios ofertados en el mismo, as\u00ed como de los programas necesarios para su implementaci\u00f3n y la informaci\u00f3n relacionada. No se permite la reproducci\u00f3n, publicaci\u00f3n y\/o uso no estrictamente privado de los contenidos, totales o parciales, del sitio web concursopangea.es sin el consentimiento previo y por escrito.<\/p>\n<p><strong>Propiedad intelectual del software<\/strong><\/p>\n<p>El usuario debe respetar los programas de terceros puestos a su disposici\u00f3n por Asociaci\u00f3n Pangea Espa\u00f1a, aun siendo gratuitos y\/o de disposici\u00f3n p\u00fablica.<\/p>\n<p><strong>Asociaci\u00f3n Pangea Espa\u00f1a<\/strong>\u00a0dispone de los derechos de explotaci\u00f3n y propiedad intelectual necesarios del software.<\/p>\n<p>El usuario no adquiere derecho alguno o licencia por el servicio contratado, sobre el software necesario para la prestaci\u00f3n del servicio, ni tampoco sobre la informaci\u00f3n t\u00e9cnica de seguimiento del servicio, excepci\u00f3n hecha de los derechos y licencias necesarios para el cumplimiento de los servicios contratados y \u00fanicamente durante la duraci\u00f3n de los mismos. Para toda actuaci\u00f3n que exceda del cumplimiento del contrato, el usuario necesitar\u00e1 autorizaci\u00f3n por escrito por parte de Asociaci\u00f3n Pangea Espa\u00f1a, quedando prohibido al usuario acceder, modificar, visualizar la configuraci\u00f3n, estructura y ficheros de los servidores propiedad de Asociaci\u00f3n Pangea Espa\u00f1a, asumiendo la responsabilidad civil y penal derivada de cualquier incidencia que se pudiera producir en los servidores y sistemas de seguridad como consecuencia directa de una actuaci\u00f3n negligente o maliciosa por su parte.<\/p>\n<p><strong>Propiedad intelectual de los contenidos alojados<\/strong><\/p>\n<p>Se proh\u00edbe el uso contrario a la legislaci\u00f3n sobre propiedad intelectual de los servicios prestados por Asociaci\u00f3n<br \/>Pangea Espa\u00f1a y, en particular de:<\/p>\n<p>-La utilizaci\u00f3n que resulte contraria a las leyes espa\u00f1olas o que infrinja los derechos de terceros.<br \/>-La publicaci\u00f3n o la transmisi\u00f3n de cualquier contenido que, a juicio de Asociaci\u00f3n Pangea Espa\u00f1a, resulte violento, obsceno, abusivo, ilegal, racial, xen\u00f3fobo o difamatorio.<br \/>-Los cracks, n\u00fameros de serie de programas o cualquier otro contenido que vulnere derechos de la propiedad intelectual de terceros.<br \/>-La recogida y\/o utilizaci\u00f3n de datos personales de otros usuarios sin su consentimiento expreso o contraviniendo lo dispuesto en la Ley Org\u00e1nica 15\/1999, de 13 de diciembre, de Protecci\u00f3n de Datos de Car\u00e1cter Personal.<br \/>-La utilizaci\u00f3n del servidor de correo del dominio y de las direcciones de correo electr\u00f3nico para el env\u00edo de correo masivo no deseado.<\/p>\n<p>El usuario tiene toda la responsabilidad sobre el contenido de su web, la informaci\u00f3n transmitida y almacenada, los enlaces de hipertexto, las reivindicaciones de terceros y las acciones legales en referencia a propiedad intelectual, derechos de terceros y protecci\u00f3n de menores. El usuario es responsable respecto a las leyes y reglamentos en vigor y las reglas que tienen que ver con el funcionamiento del servicio online, comercio electr\u00f3nico, derechos de autor, mantenimiento del orden p\u00fablico, as\u00ed como principios universales de uso de Internet.<\/p>\n<p>El usuario indemnizar\u00e1 a Asociaci\u00f3n Pangea Espa\u00f1a por los gastos que generara la imputaci\u00f3n de la Asociaci\u00f3n Pangea Espa\u00f1a en alguna causa cuya responsabilidad fuera atribuible al usuario, incluidos honorarios y gastos de defensa jur\u00eddica, incluso en el caso de una decisi\u00f3n judicial no definitiva.<\/p>\n<p><strong>Protecci\u00f3n de la informaci\u00f3n alojada<\/strong><\/p>\n<p>Asociaci\u00f3n Pangea Espa\u00f1a realiza copias de seguridad de los contenidos alojados en sus servidores, sin embargo no se responsabiliza de la p\u00e9rdida o el borrado accidental de los datos por parte de los usuarios. De igual manera, no garantiza la reposici\u00f3n total de los datos borrados por los usuarios, ya que los citados datos podr\u00edan haber sido suprimidos y\/o modificados durante el periodo del tiempo transcurrido desde la \u00faltima copia de seguridad.<\/p>\n<p>Los servicios ofertados, excepto los servicios espec\u00edficos de backup, no incluyen la reposici\u00f3n de los contenidos conservados en las copias de seguridad realizadas por Asociaci\u00f3n Pangea Espa\u00f1a, cuando esta p\u00e9rdida sea imputable al usuario; en este caso, se determinar\u00e1 una tarifa acorde a la complejidad y volumen de la recuperaci\u00f3n, siempre previa aceptaci\u00f3n del usuario. La reposici\u00f3n de datos borrados s\u00f3lo est\u00e1 incluida en el precio del servicio cuando la p\u00e9rdida del contenido sea debida a causas atribuibles a Asociaci\u00f3n Pangea Espa\u00f1a.<\/p>\n<p><strong>Comunicaciones comerciales<\/strong><\/p>\n<p>En aplicaci\u00f3n de la LSSI. Asociaci\u00f3n Pangea Espa\u00f1a no enviar\u00e1 comunicaciones publicitarias o promocionales por correo electr\u00f3nico u otro medio de comunicaci\u00f3n electr\u00f3nica equivalente que previamente no hubieran sido solicitadas o expresamente autorizadas por los destinatarios de las mismas.<\/p>\n<p>En el caso de usuarios con los que exista una relaci\u00f3n contractual previa, Asociaci\u00f3n Pangea Espa\u00f1a s\u00ed est\u00e1 autorizado al env\u00edo de comunicaciones comerciales referentes a productos o servicios de la Asociaci\u00f3n Pangea Espa\u00f1a que sean similares a los que inicialmente fueron objeto de contrataci\u00f3n con el cliente. En todo caso, el usuario puede solicitar que no se le hagan llegar m\u00e1s informaciones comerciales a trav\u00e9s de los canales de Atenci\u00f3n al Cliente, tras acreditar su identidad.<\/p>\n<p>[\/et_pb_text][\/et_pb_column][\/et_pb_row][\/et_pb_section]<\/p>\n","protected":false},"excerpt":{"rendered":"<p>Protecci\u00f3n de datos de car\u00e1cter personal seg\u00fan la LOPD Asociaci\u00f3n Pangea Espa\u00f1a, en aplicaci\u00f3n de la normativa vigente en materia de protecci\u00f3n de datos de car\u00e1cter personal, informa que los datos personales que se recogen a trav\u00e9s de los formularios del sitio web y concursopangea.es se incluyen en los ficheros automatizados espec\u00edficos de usuarios de [&hellip;]<\/p>\n","protected":false},"author":1,"featured_media":0,"parent":0,"menu_order":0,"comment_status":"closed","ping_status":"closed","template":"","meta":{"_et_pb_use_builder":"on","_et_pb_old_content":"<strong>Protecci\u00f3n de datos de car\u00e1cter personal seg\u00fan la LOPD<\/strong>\r\n\r\nAsociaci\u00f3n Pangea Espa\u00f1a, en aplicaci\u00f3n de la normativa vigente en materia de protecci\u00f3n de datos de car\u00e1cter personal, informa que los datos personales que se recogen a trav\u00e9s de los formularios del sitio web y concursopangea.es se incluyen en los ficheros automatizados espec\u00edficos de usuarios de los servicios de la Asociaci\u00f3n Pangea Espa\u00f1a\r\n\r\nLa recogida y tratamiento automatizado de los datos de car\u00e1cter personal tiene como finalidad el mantenimiento de la relaci\u00f3n comercial y el desempe\u00f1o de tareas de informaci\u00f3n, formaci\u00f3n, asesoramiento y otras actividades propias de Asociaci\u00f3n Pangea Espa\u00f1a\r\n\r\nEstos datos \u00fanicamente ser\u00e1n cedidos a aquellas entidades que sean necesarias con el \u00fanico objetivo de dar cumplimiento a la finalidad anteriormente expuesta.\r\n\r\nAsociaci\u00f3n Pangea Espa\u00f1a adopta las medidas necesarias para garantizar la seguridad, integridad y confidencialidad de los datos conforme a lo dispuesto en la Ley Org\u00e1nica 15\/1999 de 13 de diciembre, de Protecci\u00f3n de Datos de Car\u00e1cter Personal (LOPD).\r\n\r\nEl usuario podr\u00e1 en cualquier momento ejercitar los derechos de acceso, oposici\u00f3n, rectificaci\u00f3n y cancelaci\u00f3n reconocidos en la citada LOPD. El ejercicio de estos derechos puede realizarlo el propio usuario a trav\u00e9s de email a info@concursopangea.es o en la direcci\u00f3n Ronda de Segovia, 2, 28005 Madrid\r\n\r\nEl usuario manifiesta que todos los datos facilitados por \u00e9l son ciertos y correctos, y se compromete a mantenerlos actualizados, comunicando los cambios a Asociaci\u00f3n Pangea Espa\u00f1a\r\n\r\nDatos recopilados por usuarios de los servicios\r\n\r\nEn los casos en que el usuario incluya ficheros con datos de car\u00e1cter personal en los servidores de alojamiento compartido, Asociaci\u00f3n Pangea Espa\u00f1a no se hace responsable del incumplimiento por parte del usuario de la LOPD.\r\n\r\n<strong>Retenci\u00f3n de datos en conformidad a la LSSI<\/strong>\r\n\r\nAsociaci\u00f3n Pangea Espa\u00f1a informa de que, como prestador de servicio de alojamiento de datos y en virtud de lo establecido en la Ley34\/2002 de 11 de julio de Servicios de la Sociedad de la Informaci\u00f3n y de Comercio Electr\u00f3nico (LSSI), retiene por un periodo m\u00e1ximo de 12 meses la informaci\u00f3n imprescindible para identificar el origen de los datos alojados y el momento en que se inici\u00f3 la prestaci\u00f3n del servicio. La retenci\u00f3n de estos datos no afecta al secreto de las comunicaciones y s\u00f3lo podr\u00e1n ser utilizados en el marco de una investigaci\u00f3n criminal o para la salvaguardia de la seguridad p\u00fablica, poni\u00e9ndose a disposici\u00f3n de los jueces y\/o tribunales o del Ministerio que as\u00ed los requiera. La comunicaci\u00f3n de datos a las Fuerzas y Cuerpos del Estado se har\u00e1 en virtud a lo dispuesto en la normativa sobre protecci\u00f3n de datos personales.\r\n\r\n<strong>Derechos propiedad intelectual\u00a0<\/strong>\r\n\r\nAsociaci\u00f3n Pangea Espa\u00f1a es titular de todos los derechos de autor, propiedad intelectual, industrial, \u201cknow how\u201d y cuantos otros derechos guardan relaci\u00f3n con los contenidos del sitio web concursopangea.es y los servicios ofertados en el mismo, as\u00ed como de los programas necesarios para su implementaci\u00f3n y la informaci\u00f3n relacionada. No se permite la reproducci\u00f3n, publicaci\u00f3n y\/o uso no estrictamente privado de los contenidos, totales o parciales, del sitio web concursopangea.es sin el consentimiento previo y por escrito.\r\n\r\n<strong>Propiedad intelectual del software<\/strong>\r\n\r\nEl usuario debe respetar los programas de terceros puestos a su disposici\u00f3n por Asociaci\u00f3n Pangea Espa\u00f1a, aun siendo gratuitos y\/o de disposici\u00f3n p\u00fablica.\r\n\r\n<strong>Asociaci\u00f3n Pangea Espa\u00f1a<\/strong>\u00a0dispone de los derechos de explotaci\u00f3n y propiedad intelectual necesarios del software.\r\n\r\nEl usuario no adquiere derecho alguno o licencia por el servicio contratado, sobre el software necesario para la prestaci\u00f3n del servicio, ni tampoco sobre la informaci\u00f3n t\u00e9cnica de seguimiento del servicio, excepci\u00f3n hecha de los derechos y licencias necesarios para el cumplimiento de los servicios contratados y \u00fanicamente durante la duraci\u00f3n de los mismos. Para toda actuaci\u00f3n que exceda del cumplimiento del contrato, el usuario necesitar\u00e1 autorizaci\u00f3n por escrito por parte de Asociaci\u00f3n Pangea Espa\u00f1a, quedando prohibido al usuario acceder, modificar, visualizar la configuraci\u00f3n, estructura y ficheros de los servidores propiedad de Asociaci\u00f3n Pangea Espa\u00f1a, asumiendo la responsabilidad civil y penal derivada de cualquier incidencia que se pudiera producir en los servidores y sistemas de seguridad como consecuencia directa de una actuaci\u00f3n negligente o maliciosa por su parte.\r\n\r\n<strong>Propiedad intelectual de los contenidos alojados<\/strong>\r\n\r\nSe proh\u00edbe el uso contrario a la legislaci\u00f3n sobre propiedad intelectual de los servicios prestados por Asociaci\u00f3n\r\nPangea Espa\u00f1a y, en particular de:\r\n\r\n-La utilizaci\u00f3n que resulte contraria a las leyes espa\u00f1olas o que infrinja los derechos de terceros.\r\n-La publicaci\u00f3n o la transmisi\u00f3n de cualquier contenido que, a juicio de Asociaci\u00f3n Pangea Espa\u00f1a, resulte violento, obsceno, abusivo, ilegal, racial, xen\u00f3fobo o difamatorio.\r\n-Los cracks, n\u00fameros de serie de programas o cualquier otro contenido que vulnere derechos de la propiedad intelectual de terceros.\r\n-La recogida y\/o utilizaci\u00f3n de datos personales de otros usuarios sin su consentimiento expreso o contraviniendo lo dispuesto en la Ley Org\u00e1nica 15\/1999, de 13 de diciembre, de Protecci\u00f3n de Datos de Car\u00e1cter Personal.\r\n-La utilizaci\u00f3n del servidor de correo del dominio y de las direcciones de correo electr\u00f3nico para el env\u00edo de correo masivo no deseado.\r\n\r\nEl usuario tiene toda la responsabilidad sobre el contenido de su web, la informaci\u00f3n transmitida y almacenada, los enlaces de hipertexto, las reivindicaciones de terceros y las acciones legales en referencia a propiedad intelectual, derechos de terceros y protecci\u00f3n de menores. El usuario es responsable respecto a las leyes y reglamentos en vigor y las reglas que tienen que ver con el funcionamiento del servicio online, comercio electr\u00f3nico, derechos de autor, mantenimiento del orden p\u00fablico, as\u00ed como principios universales de uso de Internet.\r\n\r\nEl usuario indemnizar\u00e1 a Asociaci\u00f3n Pangea Espa\u00f1a por los gastos que generara la imputaci\u00f3n de la Asociaci\u00f3n Pangea Espa\u00f1a en alguna causa cuya responsabilidad fuera atribuible al usuario, incluidos honorarios y gastos de defensa jur\u00eddica, incluso en el caso de una decisi\u00f3n judicial no definitiva.\r\n\r\n<strong>Protecci\u00f3n de la informaci\u00f3n alojada<\/strong>\r\n\r\nAsociaci\u00f3n Pangea Espa\u00f1a realiza copias de seguridad de los contenidos alojados en sus servidores, sin embargo no se responsabiliza de la p\u00e9rdida o el borrado accidental de los datos por parte de los usuarios. De igual manera, no garantiza la reposici\u00f3n total de los datos borrados por los usuarios, ya que los citados datos podr\u00edan haber sido suprimidos y\/o modificados durante el periodo del tiempo transcurrido desde la \u00faltima copia de seguridad.\r\n\r\nLos servicios ofertados, excepto los servicios espec\u00edficos de backup, no incluyen la reposici\u00f3n de los contenidos conservados en las copias de seguridad realizadas por Asociaci\u00f3n Pangea Espa\u00f1a, cuando esta p\u00e9rdida sea imputable al usuario; en este caso, se determinar\u00e1 una tarifa acorde a la complejidad y volumen de la recuperaci\u00f3n, siempre previa aceptaci\u00f3n del usuario. La reposici\u00f3n de datos borrados s\u00f3lo est\u00e1 incluida en el precio del servicio cuando la p\u00e9rdida del contenido sea debida a causas atribuibles a Asociaci\u00f3n Pangea Espa\u00f1a.\r\n\r\n<strong>Comunicaciones comerciales<\/strong>\r\n\r\nEn aplicaci\u00f3n de la LSSI. Asociaci\u00f3n Pangea Espa\u00f1a no enviar\u00e1 comunicaciones publicitarias o promocionales por correo electr\u00f3nico u otro medio de comunicaci\u00f3n electr\u00f3nica equivalente que previamente no hubieran sido solicitadas o expresamente autorizadas por los destinatarios de las mismas.\r\n\r\nEn el caso de usuarios con los que exista una relaci\u00f3n contractual previa, Asociaci\u00f3n Pangea Espa\u00f1a s\u00ed est\u00e1 autorizado al env\u00edo de comunicaciones comerciales referentes a productos o servicios de la Asociaci\u00f3n Pangea Espa\u00f1a que sean similares a los que inicialmente fueron objeto de contrataci\u00f3n con el cliente. En todo caso, el usuario puede solicitar que no se le hagan llegar m\u00e1s informaciones comerciales a trav\u00e9s de los canales de Atenci\u00f3n al Cliente, tras acreditar su identidad.","_et_gb_content_width":"","footnotes":""},"class_list":["post-2743","page","type-page","status-publish","hentry"],"_links":{"self":[{"href":"https:\/\/concursopangea.es\/en\/wp-json\/wp\/v2\/pages\/2743","targetHints":{"allow":["GET"]}}],"collection":[{"href":"https:\/\/concursopangea.es\/en\/wp-json\/wp\/v2\/pages"}],"about":[{"href":"https:\/\/concursopangea.es\/en\/wp-json\/wp\/v2\/types\/page"}],"author":[{"embeddable":true,"href":"https:\/\/concursopangea.es\/en\/wp-json\/wp\/v2\/users\/1"}],"replies":[{"embeddable":true,"href":"https:\/\/concursopangea.es\/en\/wp-json\/wp\/v2\/comments?post=2743"}],"version-history":[{"count":5,"href":"https:\/\/concursopangea.es\/en\/wp-json\/wp\/v2\/pages\/2743\/revisions"}],"predecessor-version":[{"id":3790,"href":"https:\/\/concursopangea.es\/en\/wp-json\/wp\/v2\/pages\/2743\/revisions\/3790"}],"wp:attachment":[{"href":"https:\/\/concursopangea.es\/en\/wp-json\/wp\/v2\/media?parent=2743"}],"curies":[{"name":"wp","href":"https:\/\/api.w.org\/{rel}","templated":true}]}}