{"id":2741,"date":"2021-02-10T08:00:31","date_gmt":"2021-02-10T08:00:31","guid":{"rendered":"https:\/\/concursopangea.es\/?page_id=2741"},"modified":"2025-02-06T17:53:22","modified_gmt":"2025-02-06T17:53:22","slug":"aviso-legal","status":"publish","type":"page","link":"https:\/\/concursopangea.es\/en\/aviso-legal\/","title":{"rendered":"Legal warning"},"content":{"rendered":"<p>[et_pb_section fb_built=\u00bb1&#8243; admin_label=\u00bbsection\u00bb _builder_version=\u00bb4.16&#8243; global_colors_info=\u00bb{}\u00bb][et_pb_row admin_label=\u00bbrow\u00bb _builder_version=\u00bb4.16&#8243; background_size=\u00bbinitial\u00bb background_position=\u00bbtop_left\u00bb background_repeat=\u00bbrepeat\u00bb global_colors_info=\u00bb{}\u00bb][et_pb_column type=\u00bb4_4&#8243; _builder_version=\u00bb4.16&#8243; custom_padding=\u00bb|||\u00bb global_colors_info=\u00bb{}\u00bb custom_padding__hover=\u00bb|||\u00bb][et_pb_text admin_label=\u00bbText\u00bb _builder_version=\u00bb4.16&#8243; background_size=\u00bbinitial\u00bb background_position=\u00bbtop_left\u00bb background_repeat=\u00bbrepeat\u00bb global_colors_info=\u00bb{}\u00bb custom_padding=\u00bb3px|||||\u00bb]<\/p>\n<p>Asociaci\u00f3n Pangea Espa\u00f1a, con\u00a0<strong>NIF\/CIF G87313086<\/strong>, direcci\u00f3n Calle Goya 20, 28691 Villanueva de la Ca\u00f1ada, no puede asumir ninguna responsabilidad derivada del uso incorrecto, inapropiado o il\u00edcito de la informaci\u00f3n aparecida en la p\u00e1gina de Internet de www.concursopangea.es.<\/p>\n<p>Con los l\u00edmites establecidos en la ley, Pangea no asume ninguna responsabilidad derivada de la falta de veracidad, integridad, actualizaci\u00f3n y precisi\u00f3n de los datos o informaciones que se contienen en sus p\u00e1ginas de Internet.<\/p>\n<p>Con los l\u00edmites establecidos en la ley Pangea web no asume ninguna responsabilidad derivada de la falta de veracidad, integridad, actualizaci\u00f3n y precisi\u00f3n de los datos o informaciones que se contienen en sus p\u00e1ginas de Internet.<\/p>\n<p>Los contenidos e informaci\u00f3n no vinculan a ni constituyen opiniones, consejos o asesoramiento legal de ning\u00fan tipo pues se trata meramente de un servicio ofrecido con car\u00e1cter informativo y divulgativo.<\/p>\n<p>La p\u00e1gina de Internet de www.concursopangea.es puede contener enlaces (links) a otras p\u00e1ginas de terceras partes que www.concursopangea.es\u00a0 no puede controlar. Por lo tanto, www.concursopangea.es no puede asumir responsabilidades por el contenido que pueda aparecer en p\u00e1ginas de terceros.<\/p>\n<p>Los textos, im\u00e1genes, sonidos, animaciones, software y el resto de contenidos incluidos en este website son propiedad exclusiva de www.concursopangea.com o sus licenciantes. Cualquier acto de transmisi\u00f3n, distribuci\u00f3n, cesi\u00f3n, reproducci\u00f3n, almacenamiento o comunicaci\u00f3n p\u00fablica total o parcial, debe contar con el consentimiento expreso de Pangea.<\/p>\n<p>Asimismo, le informamos de la posibilidad de que ejerza los derechos de acceso, rectificaci\u00f3n, cancelaci\u00f3n y oposici\u00f3n de sus datos de car\u00e1cter personal, manera gratuita mediante email a info@concursopangea.es o en la direcci\u00f3n Ronda de Segovia, 2, 28005 Madrid.<\/p>\n<p>[\/et_pb_text][\/et_pb_column][\/et_pb_row][\/et_pb_section]<\/p>\n","protected":false},"excerpt":{"rendered":"<p>Asociaci\u00f3n Pangea Espa\u00f1a, con\u00a0NIF\/CIF G87313086, direcci\u00f3n Calle Goya 20, 28691 Villanueva de la Ca\u00f1ada, no puede asumir ninguna responsabilidad derivada del uso incorrecto, inapropiado o il\u00edcito de la informaci\u00f3n aparecida en la p\u00e1gina de Internet de www.concursopangea.es. Con los l\u00edmites establecidos en la ley, Pangea no asume ninguna responsabilidad derivada de la falta de veracidad, [&hellip;]<\/p>\n","protected":false},"author":1,"featured_media":0,"parent":0,"menu_order":0,"comment_status":"closed","ping_status":"closed","template":"","meta":{"_et_pb_use_builder":"on","_et_pb_old_content":"Asociaci\u00f3n Pangea Espa\u00f1a, con\u00a0<strong>NIF\/CIF G87313086<\/strong>, direcci\u00f3n Ronda de Segovia, 2, 28005 Madrid, no puede asumir ninguna responsabilidad derivada del uso incorrecto, inapropiado o il\u00edcito de la informaci\u00f3n aparecida en la p\u00e1gina de Internet de www.concursopangea.es.\r\n\r\nCon los l\u00edmites establecidos en la ley, Pangea no asume ninguna responsabilidad derivada de la falta de veracidad, integridad, actualizaci\u00f3n y precisi\u00f3n de los datos o informaciones que se contienen en sus p\u00e1ginas de Internet.\r\n\r\nCon los l\u00edmites establecidos en la ley Pangea web no asume ninguna responsabilidad derivada de la falta de veracidad, integridad, actualizaci\u00f3n y precisi\u00f3n de los datos o informaciones que se contienen en sus p\u00e1ginas de Internet.\r\n\r\nLos contenidos e informaci\u00f3n no vinculan a ni constituyen opiniones, consejos o asesoramiento legal de ning\u00fan tipo pues se trata meramente de un servicio ofrecido con car\u00e1cter informativo y divulgativo.\r\n\r\nLa p\u00e1gina de Internet de www.concursopangea.es puede contener enlaces (links) a otras p\u00e1ginas de terceras partes que www.concursopangea.es\u00a0 no puede controlar. Por lo tanto, www.concursopangea.es no puede asumir responsabilidades por el contenido que pueda aparecer en p\u00e1ginas de terceros.\r\n\r\nLos textos, im\u00e1genes, sonidos, animaciones, software y el resto de contenidos incluidos en este website son propiedad exclusiva de www.concursopangea.com o sus licenciantes. Cualquier acto de transmisi\u00f3n, distribuci\u00f3n, cesi\u00f3n, reproducci\u00f3n, almacenamiento o comunicaci\u00f3n p\u00fablica total o parcial, debe contar con el consentimiento expreso de Pangea.\r\n\r\nAsimismo, le informamos de la posibilidad de que ejerza los derechos de acceso, rectificaci\u00f3n, cancelaci\u00f3n y oposici\u00f3n de sus datos de car\u00e1cter personal, manera gratuita mediante email a info@concursopangea.es o en la direcci\u00f3n Ronda de Segovia, 2, 28005 Madrid.","_et_gb_content_width":"","footnotes":""},"class_list":["post-2741","page","type-page","status-publish","hentry"],"_links":{"self":[{"href":"https:\/\/concursopangea.es\/en\/wp-json\/wp\/v2\/pages\/2741","targetHints":{"allow":["GET"]}}],"collection":[{"href":"https:\/\/concursopangea.es\/en\/wp-json\/wp\/v2\/pages"}],"about":[{"href":"https:\/\/concursopangea.es\/en\/wp-json\/wp\/v2\/types\/page"}],"author":[{"embeddable":true,"href":"https:\/\/concursopangea.es\/en\/wp-json\/wp\/v2\/users\/1"}],"replies":[{"embeddable":true,"href":"https:\/\/concursopangea.es\/en\/wp-json\/wp\/v2\/comments?post=2741"}],"version-history":[{"count":4,"href":"https:\/\/concursopangea.es\/en\/wp-json\/wp\/v2\/pages\/2741\/revisions"}],"predecessor-version":[{"id":3788,"href":"https:\/\/concursopangea.es\/en\/wp-json\/wp\/v2\/pages\/2741\/revisions\/3788"}],"wp:attachment":[{"href":"https:\/\/concursopangea.es\/en\/wp-json\/wp\/v2\/media?parent=2741"}],"curies":[{"name":"wp","href":"https:\/\/api.w.org\/{rel}","templated":true}]}}