{"id":2738,"date":"2021-02-10T07:56:09","date_gmt":"2021-02-10T07:56:09","guid":{"rendered":"https:\/\/concursopangea.es\/?page_id=2738"},"modified":"2025-02-06T17:52:54","modified_gmt":"2025-02-06T17:52:54","slug":"terminos-y-condiciones","status":"publish","type":"page","link":"https:\/\/concursopangea.es\/en\/terminos-y-condiciones\/","title":{"rendered":"Terms and Conditions"},"content":{"rendered":"<p>[et_pb_section fb_built=\u00bb1&#8243; admin_label=\u00bbsection\u00bb _builder_version=\u00bb4.16&#8243; global_colors_info=\u00bb{}\u00bb][et_pb_row admin_label=\u00bbrow\u00bb _builder_version=\u00bb4.16&#8243; background_size=\u00bbinitial\u00bb background_position=\u00bbtop_left\u00bb background_repeat=\u00bbrepeat\u00bb global_colors_info=\u00bb{}\u00bb][et_pb_column type=\u00bb4_4&#8243; _builder_version=\u00bb4.16&#8243; custom_padding=\u00bb|||\u00bb global_colors_info=\u00bb{}\u00bb custom_padding__hover=\u00bb|||\u00bb][et_pb_text admin_label=\u00bbText\u00bb _builder_version=\u00bb4.16&#8243; background_size=\u00bbinitial\u00bb background_position=\u00bbtop_left\u00bb background_repeat=\u00bbrepeat\u00bb global_colors_info=\u00bb{}\u00bb]<\/p>\n<p><strong>1 Alcance<\/strong><\/p>\n<p>Los T\u00e9rminos y Condiciones en vigor generales en el momento de uso (registro u otro uso) establece todas las relaciones jur\u00eddicas entre El Concurso de Matem\u00e1ticas Pangea Calle Goya 20, 28691 Villanueva de la Ca\u00f1ada<\/p>\n<p><strong>2 Registro<\/strong><\/p>\n<p>(1) El usuario o el miembro de Pangea tiene que registrarse antes de utilizar los servicios antes mencionados.<br \/>(2) No existe ning\u00fan derecho legal para la inscripci\u00f3n.<br \/>(3) Pangea se reserva los siguientes:<br \/>\u2013 Publicaci\u00f3n de las contribuciones de usuarios<br \/>\u2013 Modificaci\u00f3n de los servicios o la introducci\u00f3n de servicios adicionales divergentes<br \/>\u2013 Modificaci\u00f3n y ampliaci\u00f3n de la plataforma de Internet en el contenido, el alcance y la estructura<br \/>(4) El usuario o el miembro de Pangea pueden cancelar su registro en cualquier momento sin preaviso por cualquier motivo.\u00a0La cancelaci\u00f3n se puede hacer por correo electr\u00f3nico a info@concursopangea.com<br \/>Con la\u00a0terminaci\u00f3n de la relaci\u00f3n de registro se borrar\u00e1n los datos personales.<br \/>(5) Con la formalizaci\u00f3n de la inscripci\u00f3n y registro, se entiende que el usuario acepta y consiente la\u00a0<a href=\"http:\/\/web.archive.org\/web\/20191124224605\/http:\/concursopangea.com\/politica-de-privacidad\/\">Pol\u00edtica de Privacidad<\/a>\u00a0y el <a href=\"http:\/\/web.archive.org\/web\/20191124224605\/http:\/concursopangea.com\/aviso-legal\/\">Aviso Legal<\/a>\u00a0correspondiente.<\/p>\n<p><strong>\u00a0<\/strong><\/p>\n<p><strong>3 La participaci\u00f3n en el concurso<\/strong><\/p>\n<p>(1) Todos los estudiantes residentes en Espa\u00f1a cursando estudios en los cursos de 4\u00ba de primaria a 2\u00ba de Bachillerato pueden participar en el concurso.<br \/>(2) No existe el derecho legal a participar en la segunda ronda o ronda\u00a0final.<\/p>\n<p>3) Pangea no asume en ning\u00fan caso los costes econ\u00f3micos que supongan los desplazamientos o el transporte de los alumnos finalistas a las sedes del Concurso para realizar la Ronda Final o acudir a la Ceremonia. Este gasto ser\u00e1 asumido siempre por familias o centros educativos.<br \/>(5) Pangea se\u00f1ala expl\u00edcitamente que las im\u00e1genes de los participantes pueden ser utilizados con fines publicitarios, volantes y folletos, as\u00ed como en la p\u00e1gina principal.\u00a0Si los padres o participantes no lo desean, deber\u00e1n comunicarlo por escrito a la Asociaci\u00f3n (info@concursopangea.com) y Pangea lo tendr\u00e1 en cuenta, por supuesto.\u00a0Los datos personales de los participantes son eliminados por Pangea al t\u00e9rmino de cada edici\u00f3n.\u00a0Estos no se transmiten en modo alguno a terceros.<\/p>\n<p><strong>4 Servicio al Cliente \/ Soporte<\/strong><\/p>\n<p>El usuario puede enviar dudas o consultas de su participaci\u00f3n en Pangea o los servicios de los sitios web a trav\u00e9s del formulario de contacto, correo electr\u00f3nico o llam\u00e1ndonos por tel\u00e9fono.<\/p>\n<p><strong>5 Responsabilidad del centro educativo participante<\/strong><\/p>\n<p>(1)Es responsabilidad de los profesores que realicen la inscripci\u00f3n de su centro y sus alumnos participantes de aportar los datos personales correctos y ver\u00eddicos.\u00a0Si los profesores aportan informaci\u00f3n falsa o no actualizada, Pangea queda exento de cualquier responsabilidad que eso pudiera ocasionar.<br \/>(2)Es responsabilidad del personal de cada centro educativo que se cumplan las reglas de las pruebas de la 1\u00aa ronda.<\/p>\n<p><strong>6 Responsabilidad de Pangea<\/strong><\/p>\n<p>(1) Cualquier reclamaci\u00f3n por da\u00f1os y perjuicios est\u00e1 excluida.<br \/>(2) La responsabilidad de Pangea se excluye por negligencia leve, siempre que estas no son las obligaciones contractuales, de integridad f\u00edsica o reclamaciones en virtud de la Ley de Responsabilidad por Productos Defectuosos.\u00a0Esto tambi\u00e9n se aplica a las infracciones del deber por parte de agentes de Pangea.<br \/>(3) Adem\u00e1s,\u00a0Pangea\u00a0asume \u2013 de conformidad con el p\u00e1rrafo anterior \u2013 que no ser\u00e1 responsable de los inconvenientes de los mismos al usuario a una indisponibilidad temporal de nuestro sitio web, o que pueden surgir por problemas t\u00e9cnicos similares.\u00a0La responsabilidad de la Asociaci\u00f3n del Concurso de Matem\u00e1ticas Pangea est\u00e1 excluida sobre fallos del sistema, interrupciones o errores durante la transferencia de datos, as\u00ed como para el no cumplimiento de las indicaciones correspondientes que esto conlleve a la propiedad.<\/p>\n<p><strong>7 Privacidad<\/strong><\/p>\n<p>Pangea es especialmente sensible en el manejo de toda la informaci\u00f3n personal que usted nos env\u00ede.\u00a0Por lo tanto el Concurso de Matem\u00e1ticas Pangea cumple con todas las disposiciones legales aplicables en materia de protecci\u00f3n de datos (Ley Org\u00e1nica 15\/1999 de 13 de diciembre de Protecci\u00f3n de Datos de Car\u00e1cter Personal, Directivas Europeas de Protecci\u00f3n de Datos y dem\u00e1s legislaci\u00f3n de protecci\u00f3n de datos).\u00a0Pangea no puede, sin autorizaci\u00f3n de los mismos, revelar los datos personales de los participantes a terceros, o de otra manera dar a conocer a terceros.<\/p>\n<p><strong>\u00a0<\/strong><\/p>\n<p><strong>8 Disposiciones finales<\/strong><\/p>\n<p>(1) Pangea se reserva el derecho de modificar estos t\u00e9rminos en cualquier momento, sin dar razones.\u00a0Pangea notificar\u00eda a los centros educativos inscritos los cambios en los T\u00e9rminos y Condiciones.\u00a0Si el centro educativo inscrito no reclama por los nuevos\u00a0T\u00e9rminos y Condiciones\u00a0en un plazo de dos semanas despu\u00e9s de la notificaci\u00f3n, se considerar\u00e1 que los nuevos\u00a0T\u00e9rminos y Condiciones\u00a0son aceptados por los participantes inscritos.\u00a0Pangea alertar\u00e1 al usuario en la notificaci\u00f3n de su derecho a oposici\u00f3n a los nuevos\u00a0T\u00e9rminos y Condiciones.<br \/>(2) Si alguna disposici\u00f3n de estos T\u00e9rminos y Condiciones es o resulta inv\u00e1lida, la validez de las disposiciones restantes no se ver\u00e1 afectada.\u00a0Las regulaciones ineficaces deber\u00edan sustituirse por una disposici\u00f3n v\u00e1lida que la finalidad pretendida de la disposici\u00f3n no v\u00e1lida en la mayor medida posible en sus reglamentos.\u00a0Esto se aplica a los vac\u00edos contractuales.<br \/>(3) El lugar de jurisdicci\u00f3n, en la medida legalmente permitida, est\u00e1 en la sede de la Asociaci\u00f3n Pangea en Madrid.<\/p>\n<p>[\/et_pb_text][\/et_pb_column][\/et_pb_row][\/et_pb_section]<\/p>\n","protected":false},"excerpt":{"rendered":"<p>1 Alcance Los T\u00e9rminos y Condiciones en vigor generales en el momento de uso (registro u otro uso) establece todas las relaciones jur\u00eddicas entre El Concurso de Matem\u00e1ticas Pangea Calle Goya 20, 28691 Villanueva de la Ca\u00f1ada 2 Registro (1) El usuario o el miembro de Pangea tiene que registrarse antes de utilizar los servicios [&hellip;]<\/p>\n","protected":false},"author":1,"featured_media":0,"parent":0,"menu_order":0,"comment_status":"closed","ping_status":"closed","template":"","meta":{"_et_pb_use_builder":"on","_et_pb_old_content":"<strong>1 Alcance<\/strong>\r\n\r\nLos T\u00e9rminos y Condiciones en vigor generales en el momento de uso (registro u otro uso) establece todas las relaciones jur\u00eddicas entre El Concurso de Matem\u00e1ticas Pangea Ronda de Segovia, 2, 28005 Madrid y el usuario.\r\n\r\n<strong>2 Registro<\/strong>\r\n\r\n(1) El usuario o el miembro de Pangea tiene que registrarse antes de utilizar los servicios antes mencionados.\r\n(2) No existe ning\u00fan derecho legal para la inscripci\u00f3n.\r\n(3) Pangea se reserva los siguientes:\r\n\u2013 Publicaci\u00f3n de las contribuciones de usuarios\r\n\u2013 Modificaci\u00f3n de los servicios o la introducci\u00f3n de servicios adicionales divergentes\r\n\u2013 Modificaci\u00f3n y ampliaci\u00f3n de la plataforma de Internet en el contenido, el alcance y la estructura\r\n(4) El usuario o el miembro de Pangea pueden cancelar su registro en cualquier momento sin preaviso por cualquier motivo.\u00a0La cancelaci\u00f3n se puede hacer por correo electr\u00f3nico a info@concursopangea.com\r\nCon la\u00a0terminaci\u00f3n de la relaci\u00f3n de registro se borrar\u00e1n los datos personales.\r\n(5) Con la formalizaci\u00f3n de la inscripci\u00f3n y registro, se entiende que el usuario acepta y consiente la\u00a0<a href=\"http:\/\/web.archive.org\/web\/20191124224605\/http:\/concursopangea.com\/politica-de-privacidad\/\">Pol\u00edtica de Privacidad<\/a>\u00a0y el <a href=\"http:\/\/web.archive.org\/web\/20191124224605\/http:\/concursopangea.com\/aviso-legal\/\">Aviso Legal<\/a>\u00a0correspondiente.\r\n\r\n<strong>\u00a0<\/strong>\r\n\r\n<strong>3 La participaci\u00f3n en el concurso<\/strong>\r\n\r\n(1) Todos los estudiantes residentes en Espa\u00f1a cursando estudios en los cursos de 4\u00ba de primaria a 2\u00ba de Bachillerato pueden participar en el concurso.\r\n(2) No existe el derecho legal a participar en la segunda ronda o ronda\u00a0final.\r\n\r\n3) Pangea no asume en ning\u00fan caso los costes econ\u00f3micos que supongan los desplazamientos o el transporte de los alumnos finalistas a las sedes del Concurso para realizar la Ronda Final o acudir a la Ceremonia. Este gasto ser\u00e1 asumido siempre por familias o centros educativos.\r\n(5) Pangea se\u00f1ala expl\u00edcitamente que las im\u00e1genes de los participantes pueden ser utilizados con fines publicitarios, volantes y folletos, as\u00ed como en la p\u00e1gina principal.\u00a0Si los padres o participantes no lo desean, deber\u00e1n comunicarlo por escrito a la Asociaci\u00f3n (info@concursopangea.com) y Pangea lo tendr\u00e1 en cuenta, por supuesto.\u00a0Los datos personales de los participantes son eliminados por Pangea al t\u00e9rmino de cada edici\u00f3n.\u00a0Estos no se transmiten en modo alguno a terceros.\r\n\r\n<strong>4 Servicio al Cliente \/ Soporte<\/strong>\r\n\r\nEl usuario puede enviar dudas o consultas de su participaci\u00f3n en Pangea o los servicios de los sitios web a trav\u00e9s del formulario de contacto, correo electr\u00f3nico o llam\u00e1ndonos por tel\u00e9fono.\r\n\r\n<strong>5 Responsabilidad del centro educativo participante<\/strong>\r\n\r\n(1)Es responsabilidad de los profesores que realicen la inscripci\u00f3n de su centro y sus alumnos participantes de aportar los datos personales correctos y ver\u00eddicos.\u00a0Si los profesores aportan informaci\u00f3n falsa o no actualizada, Pangea queda exento de cualquier responsabilidad que eso pudiera ocasionar.\r\n(2)Es responsabilidad del personal de cada centro educativo que se cumplan las reglas de las pruebas de la 1\u00aa ronda.\r\n\r\n<strong>6 Responsabilidad de Pangea<\/strong>\r\n\r\n(1) Cualquier reclamaci\u00f3n por da\u00f1os y perjuicios est\u00e1 excluida.\r\n(2) La responsabilidad de Pangea se excluye por negligencia leve, siempre que estas no son las obligaciones contractuales, de integridad f\u00edsica o reclamaciones en virtud de la Ley de Responsabilidad por Productos Defectuosos.\u00a0Esto tambi\u00e9n se aplica a las infracciones del deber por parte de agentes de Pangea.\r\n(3) Adem\u00e1s,\u00a0Pangea\u00a0asume \u2013 de conformidad con el p\u00e1rrafo anterior \u2013 que no ser\u00e1 responsable de los inconvenientes de los mismos al usuario a una indisponibilidad temporal de nuestro sitio web, o que pueden surgir por problemas t\u00e9cnicos similares.\u00a0La responsabilidad de la Asociaci\u00f3n del Concurso de Matem\u00e1ticas Pangea est\u00e1 excluida sobre fallos del sistema, interrupciones o errores durante la transferencia de datos, as\u00ed como para el no cumplimiento de las indicaciones correspondientes que esto conlleve a la propiedad.\r\n\r\n<strong>7 Privacidad<\/strong>\r\n\r\nPangea es especialmente sensible en el manejo de toda la informaci\u00f3n personal que usted nos env\u00ede.\u00a0Por lo tanto el Concurso de Matem\u00e1ticas Pangea cumple con todas las disposiciones legales aplicables en materia de protecci\u00f3n de datos (Ley Org\u00e1nica 15\/1999 de 13 de diciembre de Protecci\u00f3n de Datos de Car\u00e1cter Personal, Directivas Europeas de Protecci\u00f3n de Datos y dem\u00e1s legislaci\u00f3n de protecci\u00f3n de datos).\u00a0Pangea no puede, sin autorizaci\u00f3n de los mismos, revelar los datos personales de los participantes a terceros, o de otra manera dar a conocer a terceros.\r\n\r\n<strong>\u00a0<\/strong>\r\n\r\n<strong>8 Disposiciones finales<\/strong>\r\n\r\n(1) Pangea se reserva el derecho de modificar estos t\u00e9rminos en cualquier momento, sin dar razones.\u00a0Pangea notificar\u00eda a los centros educativos inscritos los cambios en los T\u00e9rminos y Condiciones.\u00a0Si el centro educativo inscrito no reclama por los nuevos\u00a0T\u00e9rminos y Condiciones\u00a0en un plazo de dos semanas despu\u00e9s de la notificaci\u00f3n, se considerar\u00e1 que los nuevos\u00a0T\u00e9rminos y Condiciones\u00a0son aceptados por los participantes inscritos.\u00a0Pangea alertar\u00e1 al usuario en la notificaci\u00f3n de su derecho a oposici\u00f3n a los nuevos\u00a0T\u00e9rminos y Condiciones.\r\n(2) Si alguna disposici\u00f3n de estos T\u00e9rminos y Condiciones es o resulta inv\u00e1lida, la validez de las disposiciones restantes no se ver\u00e1 afectada.\u00a0Las regulaciones ineficaces deber\u00edan sustituirse por una disposici\u00f3n v\u00e1lida que la finalidad pretendida de la disposici\u00f3n no v\u00e1lida en la mayor medida posible en sus reglamentos.\u00a0Esto se aplica a los vac\u00edos contractuales.\r\n(3) El lugar de jurisdicci\u00f3n, en la medida legalmente permitida, est\u00e1 en la sede de la Asociaci\u00f3n Pangea en Madrid.","_et_gb_content_width":"","footnotes":""},"class_list":["post-2738","page","type-page","status-publish","hentry"],"_links":{"self":[{"href":"https:\/\/concursopangea.es\/en\/wp-json\/wp\/v2\/pages\/2738","targetHints":{"allow":["GET"]}}],"collection":[{"href":"https:\/\/concursopangea.es\/en\/wp-json\/wp\/v2\/pages"}],"about":[{"href":"https:\/\/concursopangea.es\/en\/wp-json\/wp\/v2\/types\/page"}],"author":[{"embeddable":true,"href":"https:\/\/concursopangea.es\/en\/wp-json\/wp\/v2\/users\/1"}],"replies":[{"embeddable":true,"href":"https:\/\/concursopangea.es\/en\/wp-json\/wp\/v2\/comments?post=2738"}],"version-history":[{"count":4,"href":"https:\/\/concursopangea.es\/en\/wp-json\/wp\/v2\/pages\/2738\/revisions"}],"predecessor-version":[{"id":3786,"href":"https:\/\/concursopangea.es\/en\/wp-json\/wp\/v2\/pages\/2738\/revisions\/3786"}],"wp:attachment":[{"href":"https:\/\/concursopangea.es\/en\/wp-json\/wp\/v2\/media?parent=2738"}],"curies":[{"name":"wp","href":"https:\/\/api.w.org\/{rel}","templated":true}]}}