{"id":147,"date":"2021-01-30T09:38:58","date_gmt":"2021-01-30T09:38:58","guid":{"rendered":"https:\/\/concursopangea.es\/?page_id=147"},"modified":"2025-02-04T17:46:57","modified_gmt":"2025-02-04T17:46:57","slug":"reglamento","status":"publish","type":"page","link":"https:\/\/concursopangea.es\/en\/reglamento\/","title":{"rendered":"Regulation"},"content":{"rendered":"<p>[et_pb_section fb_built=\u00bb1&#8243; custom_padding_last_edited=\u00bbon|phone\u00bb _builder_version=\u00bb4.24.3&#8243; _module_preset=\u00bbdefault\u00bb background_image=\u00bbhttps:\/\/concursopangea.es\/wp-content\/uploads\/2021\/01\/Contact-us-bg.png\u00bb background_size=\u00bbinitial\u00bb custom_padding=\u00bb73px||16px|||\u00bb custom_padding_tablet=\u00bb50px||||false|false\u00bb custom_padding_phone=\u00bb30px||||false|false\u00bb hover_enabled=\u00bb0&#8243; global_colors_info=\u00bb{}\u00bb sticky_enabled=\u00bb0&#8243;][et_pb_row _builder_version=\u00bb4.16&#8243; _module_preset=\u00bbdefault\u00bb custom_padding=\u00bb||0px|||\u00bb global_colors_info=\u00bb{}\u00bb][et_pb_column type=\u00bb4_4&#8243; _builder_version=\u00bb4.16&#8243; _module_preset=\u00bbdefault\u00bb global_colors_info=\u00bb{}\u00bb][et_pb_text admin_label=\u00bbTexto\u00bb _builder_version=\u00bb4.16&#8243; _module_preset=\u00bbdefault\u00bb text_font=\u00bbPoppins||||||||\u00bb text_text_color=\u00bb#000000&#8243; text_letter_spacing=\u00bb1px\u00bb text_line_height=\u00bb1.9em\u00bb text_orientation=\u00bbcenter\u00bb width_tablet=\u00bb60%\u00bb width_phone=\u00bb100%\u00bb width_last_edited=\u00bboff|desktop\u00bb module_alignment=\u00bbcenter\u00bb custom_margin=\u00bb||10px||false|false\u00bb text_line_height_tablet=\u00bb\u00bb text_line_height_phone=\u00bb1.7em\u00bb text_line_height_last_edited=\u00bbon|phone\u00bb custom_css_main_element=\u00bbfont-weight:400;\u00bb global_colors_info=\u00bb{}\u00bb][\/et_pb_text][et_pb_text _builder_version=\u00bb4.16&#8243; _module_preset=\u00bbdefault\u00bb header_2_font=\u00bbPoppins|700|||||||\u00bb header_2_text_color=\u00bb#000000&#8243; header_2_font_size=\u00bb35px\u00bb header_2_line_height=\u00bb1.4em\u00bb text_orientation=\u00bbcenter\u00bb header_2_font_size_tablet=\u00bb32px\u00bb header_2_font_size_phone=\u00bb30px\u00bb header_2_font_size_last_edited=\u00bbon|phone\u00bb header_2_line_height_tablet=\u00bb\u00bb header_2_line_height_phone=\u00bb\u00bb header_2_line_height_last_edited=\u00bbon|desktop\u00bb global_colors_info=\u00bb{}\u00bb]<\/p>\n<h2>Reglamento<\/h2>\n<p>[\/et_pb_text][\/et_pb_column][\/et_pb_row][et_pb_row _builder_version=\u00bb4.24.3&#8243; _module_preset=\u00bbdefault\u00bb global_colors_info=\u00bb{}\u00bb][et_pb_column type=\u00bb4_4&#8243; _builder_version=\u00bb4.24.3&#8243; _module_preset=\u00bbdefault\u00bb global_colors_info=\u00bb{}\u00bb][et_pb_blurb image=\u00bbhttps:\/\/concursopangea.es\/wp-content\/uploads\/2021\/01\/01.png\u00bb icon_placement=\u00bbleft\u00bb _builder_version=\u00bb4.16&#8243; _module_preset=\u00bbdefault\u00bb body_font=\u00bbPoppins||||||||\u00bb body_text_color=\u00bb#000000&#8243; body_font_size=\u00bb15px\u00bb body_line_height=\u00bb1.9em\u00bb custom_padding=\u00bb||20px||false|false\u00bb body_line_height_tablet=\u00bb\u00bb body_line_height_phone=\u00bb1.7em\u00bb body_line_height_last_edited=\u00bbon|desktop\u00bb custom_css_blurb_content=\u00bbfont-weight:400;\u00bb border_width_bottom=\u00bb1px\u00bb border_color_bottom=\u00bb#d1d1d1&#8243; global_colors_info=\u00bb{}\u00bb]<\/p>\n<p style=\"text-align: justify;\">Las inscripciones solo se realizan a trav\u00e9s de los centros educativos. Los profesores responsables de cada centro pueden registrar su escuela y a los estudiantes a trav\u00e9s de la plataforma virtual en l\u00ednea. La cuota de participaci\u00f3n es de 15 \u20ac por participante.<\/p>\n<p>[\/et_pb_blurb][et_pb_blurb image=\u00bbhttps:\/\/concursopangea.es\/wp-content\/uploads\/2021\/01\/02.png\u00bb icon_placement=\u00bbleft\u00bb _builder_version=\u00bb4.24.3&#8243; _module_preset=\u00bbdefault\u00bb body_font=\u00bbPoppins||||||||\u00bb body_text_color=\u00bb#000000&#8243; body_font_size=\u00bb15px\u00bb body_line_height=\u00bb1.9em\u00bb custom_padding=\u00bb||20px||false|false\u00bb body_line_height_tablet=\u00bb\u00bb body_line_height_phone=\u00bb1.7em\u00bb body_line_height_last_edited=\u00bbon|desktop\u00bb custom_css_blurb_content=\u00bbfont-weight:400;\u00bb border_width_bottom=\u00bb1px\u00bb border_color_bottom=\u00bb#d1d1d1&#8243; global_colors_info=\u00bb{}\u00bb]<\/p>\n<p style=\"text-align: justify;\">Despu\u00e9s de registrarse, recibir\u00e1n confirmaci\u00f3n a trav\u00e9s de sus credenciales y en su panel de profesores.<\/p>\n<p>[\/et_pb_blurb][et_pb_blurb image=\u00bbhttps:\/\/concursopangea.es\/wp-content\/uploads\/2021\/01\/03.png\u00bb icon_placement=\u00bbleft\u00bb _builder_version=\u00bb4.16&#8243; _module_preset=\u00bbdefault\u00bb body_font=\u00bbPoppins||||||||\u00bb body_text_color=\u00bb#000000&#8243; body_font_size=\u00bb15px\u00bb body_line_height=\u00bb1.9em\u00bb custom_padding=\u00bb||20px||false|false\u00bb body_line_height_tablet=\u00bb\u00bb body_line_height_phone=\u00bb1.7em\u00bb body_line_height_last_edited=\u00bbon|desktop\u00bb custom_css_blurb_content=\u00bbfont-weight:400;\u00bb border_width_bottom=\u00bb1px\u00bb border_color_bottom=\u00bb#d1d1d1&#8243; global_colors_info=\u00bb{}\u00bb]<\/p>\n<p style=\"text-align: justify;\">Se pueden inscribir estudiantes desde 4\u00ba de Primaria hasta 2\u00ba de Bachillerato. El n\u00famero de participantes inscritos por cada centro educativo puede modificarse hasta la fecha l\u00edmite de inscripci\u00f3n.<\/p>\n<p>[\/et_pb_blurb][et_pb_blurb image=\u00bbhttps:\/\/concursopangea.es\/wp-content\/uploads\/2021\/01\/04.png\u00bb icon_placement=\u00bbleft\u00bb _builder_version=\u00bb4.24.3&#8243; _module_preset=\u00bbdefault\u00bb body_font=\u00bbPoppins||||||||\u00bb body_text_color=\u00bb#000000&#8243; body_font_size=\u00bb15px\u00bb body_line_height=\u00bb1.9em\u00bb custom_padding=\u00bb||20px||false|false\u00bb hover_enabled=\u00bb0&#8243; body_line_height_tablet=\u00bb\u00bb body_line_height_phone=\u00bb1.7em\u00bb body_line_height_last_edited=\u00bbon|desktop\u00bb custom_css_blurb_content=\u00bbfont-weight:400;\u00bb border_width_bottom=\u00bb1px\u00bb border_color_bottom=\u00bb#d1d1d1&#8243; global_colors_info=\u00bb{}\u00bb sticky_enabled=\u00bb0&#8243;]<\/p>\n<p>El concurso constar\u00e1 de tres rondas:<\/p>\n<p>La primera y segunda ronda se llevar\u00e1n a cabo en l\u00ednea.<\/p>\n<p>Los resultados de la primera y segunda ronda se publicar\u00e1n en nuestra p\u00e1gina web, donde se anunciar\u00e1n los clasificados para la siguiente ronda.<\/p>\n<p>La tercera ronda se realizar\u00e1 de manera presencial en el campus de la Universidad CEU San Pablo. Se proporcionar\u00e1n m\u00e1s detalles m\u00e1s adelante.<\/p>\n<p>[\/et_pb_blurb][et_pb_blurb image=\u00bbhttps:\/\/concursopangea.es\/wp-content\/uploads\/2021\/01\/05.png\u00bb icon_placement=\u00bbleft\u00bb _builder_version=\u00bb4.16&#8243; _module_preset=\u00bbdefault\u00bb body_font=\u00bbPoppins||||||||\u00bb body_text_color=\u00bb#000000&#8243; body_font_size=\u00bb15px\u00bb body_line_height=\u00bb1.9em\u00bb custom_padding=\u00bb||20px||false|false\u00bb body_line_height_tablet=\u00bb\u00bb body_line_height_phone=\u00bb1.7em\u00bb body_line_height_last_edited=\u00bbon|desktop\u00bb custom_css_blurb_content=\u00bbfont-weight:400;\u00bb border_width_bottom=\u00bb1px\u00bb border_color_bottom=\u00bb#d1d1d1&#8243; global_colors_info=\u00bb{}\u00bb]<\/p>\n<p><span style=\"font-weight: 400;\"> La versi\u00f3n en l\u00ednea dispondr\u00e1 de las claves correspondientes para poder realizarla en un ordenador o tablet.<\/span><\/p>\n<p>[\/et_pb_blurb][et_pb_blurb image=\u00bbhttps:\/\/concursopangea.es\/wp-content\/uploads\/2021\/01\/06.png\u00bb icon_placement=\u00bbleft\u00bb _builder_version=\u00bb4.24.3&#8243; _module_preset=\u00bbdefault\u00bb body_font=\u00bbPoppins||||||||\u00bb body_text_color=\u00bb#000000&#8243; body_font_size=\u00bb15px\u00bb body_line_height=\u00bb1.9em\u00bb custom_padding=\u00bb||20px||false|false\u00bb body_line_height_tablet=\u00bb\u00bb body_line_height_phone=\u00bb1.7em\u00bb body_line_height_last_edited=\u00bbon|desktop\u00bb custom_css_blurb_content=\u00bbfont-weight:400;\u00bb border_width_bottom=\u00bb1px\u00bb border_color_bottom=\u00bb#d1d1d1&#8243; global_colors_info=\u00bb{}\u00bb]<\/p>\n<p style=\"text-align: justify;\">El profesor debe asegurarse de que se cumplan las normas del examen y debe leerlas a los participantes. El inicio del examen puede ajustarse dentro del margen establecido por la Asociaci\u00f3n Pangea. Las normas del examen son las siguientes:<\/p>\n<p style=\"text-align: justify;\">&#8211; Cada participante realizar\u00e1 el examen individualmente y no podr\u00e1 recibir ayuda de otras personas ni de fuentes externas. Se permite el uso de calculadora.<\/p>\n<p style=\"text-align: justify;\">&#8211; La duraci\u00f3n del examen ser\u00e1 de 45 minutos.<\/p>\n<p style=\"text-align: justify;\">&#8211; El examen constar\u00e1 de 20 preguntas de dificultad variable y opci\u00f3n m\u00faltiple, lo que significa que se presentar\u00e1n varias soluciones posibles, y solo una ser\u00e1 la respuesta correcta. Las preguntas se puntuar\u00e1n seg\u00fan su dificultad. La distribuci\u00f3n de las puntuaciones ser\u00e1 la siguiente:<\/p>\n<p style=\"text-align: justify;\">De la pregunta 1 a la 8: 2 puntos.<\/p>\n<p style=\"text-align: justify;\">De la pregunta 9 a la 12: 3 puntos.<\/p>\n<p style=\"text-align: justify;\">De la pregunta 13 a la 16: 4 puntos.<\/p>\n<p style=\"text-align: justify;\">De la pregunta 17 a la 20: 5 puntos.<\/p>\n<p>[\/et_pb_blurb][et_pb_blurb image=\u00bbhttps:\/\/concursopangea.es\/wp-content\/uploads\/2021\/01\/07.png\u00bb icon_placement=\u00bbleft\u00bb _builder_version=\u00bb4.16&#8243; _module_preset=\u00bbdefault\u00bb body_font=\u00bbPoppins||||||||\u00bb body_text_color=\u00bb#000000&#8243; body_font_size=\u00bb15px\u00bb body_line_height=\u00bb1.9em\u00bb custom_padding=\u00bb3px||20px||false|false\u00bb body_line_height_tablet=\u00bb\u00bb body_line_height_phone=\u00bb1.7em\u00bb body_line_height_last_edited=\u00bbon|desktop\u00bb custom_css_blurb_content=\u00bbfont-weight:400;\u00bb border_width_bottom=\u00bb1px\u00bb border_color_bottom=\u00bb#d1d1d1&#8243; global_colors_info=\u00bb{}\u00bb]<\/p>\n<p style=\"text-align: justify;\">Por cada 5 respuestas incorrectas, se cancelar\u00e1 1 respuesta correcta del participante.<\/p>\n<p>[\/et_pb_blurb][et_pb_blurb image=\u00bbhttps:\/\/concursopangea.es\/wp-content\/uploads\/2021\/01\/08.png\u00bb icon_placement=\u00bbleft\u00bb _builder_version=\u00bb4.24.3&#8243; _module_preset=\u00bbdefault\u00bb body_font=\u00bbPoppins||||||||\u00bb body_text_color=\u00bb#000000&#8243; body_font_size=\u00bb15px\u00bb body_line_height=\u00bb1.9em\u00bb width=\u00bb100%\u00bb custom_padding=\u00bb||20px||false|false\u00bb body_line_height_tablet=\u00bb\u00bb body_line_height_phone=\u00bb1.7em\u00bb body_line_height_last_edited=\u00bbon|desktop\u00bb custom_css_blurb_content=\u00bbfont-weight:400;\u00bb border_width_bottom=\u00bb1px\u00bb border_color_bottom=\u00bb#d1d1d1&#8243; global_colors_info=\u00bb{}\u00bb]<\/p>\n<p style=\"text-align: justify;\">Los resultados y estad\u00edsticas podr\u00e1n consultarse en la plataforma virtual de los profesores y en el panel de los participantes. Solo ser\u00e1 necesario utilizar las mismas credenciales.<\/p>\n<p>[\/et_pb_blurb][et_pb_blurb image=\u00bbhttps:\/\/concursopangea.es\/wp-content\/uploads\/2021\/01\/09.png\u00bb icon_placement=\u00bbleft\u00bb _builder_version=\u00bb4.24.3&#8243; _module_preset=\u00bbdefault\u00bb body_font=\u00bbPoppins||||||||\u00bb body_text_color=\u00bb#000000&#8243; body_font_size=\u00bb15px\u00bb body_line_height=\u00bb1.9em\u00bb custom_padding=\u00bb||20px||false|false\u00bb body_line_height_tablet=\u00bb\u00bb body_line_height_phone=\u00bb1.7em\u00bb body_line_height_last_edited=\u00bbon|desktop\u00bb custom_css_blurb_content=\u00bbfont-weight:400;\u00bb border_width_bottom=\u00bb1px\u00bb border_color_bottom=\u00bb#d1d1d1&#8243; global_colors_info=\u00bb{}\u00bb]<\/p>\n<p style=\"text-align: justify;\">En caso de empate, se tendr\u00e1n en cuenta todos los factores meritorios: la puntuaci\u00f3n obtenida en las preguntas de mayor dificultad, el n\u00famero de preguntas respondidas, el tiempo empleado para completar el examen, el rendimiento en la primera ronda, la edad del participante y el tipo de escuela asistida. Si persiste el empate tras considerar estos factores, se resolver\u00e1 de manera aleatoria.<\/p>\n<p>[\/et_pb_blurb][et_pb_blurb image=\u00bbhttps:\/\/concursopangea.es\/wp-content\/uploads\/2021\/01\/10-2.png\u00bb icon_placement=\u00bbleft\u00bb _builder_version=\u00bb4.24.3&#8243; _module_preset=\u00bbdefault\u00bb body_font=\u00bbPoppins||||||||\u00bb body_text_color=\u00bb#000000&#8243; body_font_size=\u00bb15px\u00bb body_line_height=\u00bb1.9em\u00bb custom_padding=\u00bb||20px||false|false\u00bb body_line_height_tablet=\u00bb\u00bb body_line_height_phone=\u00bb1.7em\u00bb body_line_height_last_edited=\u00bbon|desktop\u00bb custom_css_blurb_content=\u00bbfont-weight:400;\u00bb border_width_bottom=\u00bb1px\u00bb border_color_bottom=\u00bb#d1d1d1&#8243; global_colors_info=\u00bb{}\u00bb]<\/p>\n<p style=\"text-align: justify;\">Los estudiantes finalistas ser\u00e1n seleccionados para la Ronda Final. Los finalistas de la tercera ronda ser\u00e1n evaluados el mismo d\u00eda, y los resultados se anunciar\u00e1n en la misma jornada durante la ceremonia de entrega de premios.<\/p>\n<p style=\"text-align: justify;\">El equipo de Pangea les agradece su dedicaci\u00f3n y colaboraci\u00f3n. \u00a1Les deseamos mucho \u00e9xito a todos los participantes! Si tienen alguna pregunta sobre el concurso, no duden en contactarnos a trav\u00e9s de nuestro formulario de contacto o envi\u00e1ndonos un correo electr\u00f3nico directamente a nuestra direcci\u00f3n: info@concursopangea.es<\/p>\n<p>&nbsp;<\/p>\n<p><span style=\"font-weight: 400;\"><\/span><\/p>\n<p>[\/et_pb_blurb][\/et_pb_column][\/et_pb_row][\/et_pb_section]<\/p>\n","protected":false},"excerpt":{"rendered":"<p>ReglamentoLas inscripciones solo se realizan a trav\u00e9s de los centros educativos. Los profesores responsables de cada centro pueden registrar su escuela y a los estudiantes a trav\u00e9s de la plataforma virtual en l\u00ednea. La cuota de participaci\u00f3n es de 15 \u20ac por participante.Despu\u00e9s de registrarse, recibir\u00e1n confirmaci\u00f3n a trav\u00e9s de sus credenciales y en su [&hellip;]<\/p>\n","protected":false},"author":1,"featured_media":0,"parent":0,"menu_order":0,"comment_status":"closed","ping_status":"closed","template":"","meta":{"_et_pb_use_builder":"on","_et_pb_old_content":"<!-- wp:divi\/placeholder \/-->","_et_gb_content_width":"","footnotes":""},"class_list":["post-147","page","type-page","status-publish","hentry"],"_links":{"self":[{"href":"https:\/\/concursopangea.es\/en\/wp-json\/wp\/v2\/pages\/147","targetHints":{"allow":["GET"]}}],"collection":[{"href":"https:\/\/concursopangea.es\/en\/wp-json\/wp\/v2\/pages"}],"about":[{"href":"https:\/\/concursopangea.es\/en\/wp-json\/wp\/v2\/types\/page"}],"author":[{"embeddable":true,"href":"https:\/\/concursopangea.es\/en\/wp-json\/wp\/v2\/users\/1"}],"replies":[{"embeddable":true,"href":"https:\/\/concursopangea.es\/en\/wp-json\/wp\/v2\/comments?post=147"}],"version-history":[{"count":43,"href":"https:\/\/concursopangea.es\/en\/wp-json\/wp\/v2\/pages\/147\/revisions"}],"predecessor-version":[{"id":3778,"href":"https:\/\/concursopangea.es\/en\/wp-json\/wp\/v2\/pages\/147\/revisions\/3778"}],"wp:attachment":[{"href":"https:\/\/concursopangea.es\/en\/wp-json\/wp\/v2\/media?parent=147"}],"curies":[{"name":"wp","href":"https:\/\/api.w.org\/{rel}","templated":true}]}}